{"id":286,"date":"2011-10-29T22:44:29","date_gmt":"2011-10-29T22:44:29","guid":{"rendered":"http:\/\/journey.emanaku.com\/photo-reisen-durch-die-tore-von-1111\/"},"modified":"2011-12-31T14:15:49","modified_gmt":"2011-12-31T14:15:49","slug":"photo-reisen-durch-die-tore-von-1111","status":"publish","type":"page","link":"https:\/\/journey.emanaku.com\/de\/","title":{"rendered":"Photo Reisen durch die Tore von 11:11"},"content":{"rendered":"<p style=\"text-align: center\"><span style=\"font-size: medium\">DER TORWEG VON 11:11<\/span><\/p>\n<p>Der 11:11 Torweg ist die Br\u00fccke zwischen zwei sehr verschiedenen evolution\u00e4ren Spiralen: Dualit\u00e4t und Einheit. Als der 11:11 Torweg am 11-12 Januar 1992 er\u00f6ffnet wurde, erzeugte das Eine Zone der \u00dcberlappung zwischen diesen Spiralen. Diese bef\u00e4higt uns dazu, den \u00dcbergang von der in der Dualit\u00e4t gr\u00fcndenden Realit\u00e4t hin zu einer zu tun, die auf Einheit basiert.<\/p>\n<p>Unsere Reise durch den 11:11 Torweg ist die bedeutendste Reise, die wir jemals unternehmen werden. Sie l\u00f6st uns ab von der Dualit\u00e4t. Sie bringt uns die Erinnerung, dass wir alle Teil des Einen Wesens sind. Sie konfiguriert unser evolution\u00e4res Labyrinth neu. Sie mach das Unsichtbare sichtbar. Sie bef\u00e4higt uns im Erweiterten HIER und JETZT der Ultra-Gr\u00f6\u00dferen Realit\u00e4t. Sie hilft uns als Wahre Eine hervorzutreten. Sie gebirt ein v\u00f6llig Neues Paradigma \u2013 gegr\u00fcndet auf REINER HERZENSLIEBE und WAHRHAFTIGKEIT.<\/p>\n<p>11:11 ist nicht einfach eine Kosmologie; es ist eine v\u00f6llig neue Art des Seins. Jetzt ist die Zeit, offen als Wahre Eine ein Wahres Leben zu leben. Und zusammen als EINES werden wir eine Neue Welt geb\u00e4ren.<\/p>\n<p style=\"text-align: center\"><span style=\"font-size: medium\">DIE ELF TORE<\/span><\/p>\n<p>Auf dem Torweg 11:11 gibt es Elf Tore. Jedes Tor bedeutet, in ein neues energetisches Frequenzband aufzusteigen. Diese Tore sind vergleichbar mit Schleusen in einem Kanal. Sobald ein Tor aktiviert ist und betreten wird, setzt ein intensiver Prozess der Transformation ein, eine Initiation: Unser Wesen taucht in ein neues Frequenzmuster ein. W\u00e4hrend wir auf diesen Frequenzb\u00e4ndern reisen, lernen wir so lange die Lektionen eines jeden Tores, bis wir sie verstanden haben und beim n\u00e4chsten Tor ankommen.<\/p>\n<p>Jedes Tor hat einen einzigartigen Schwingungsgrundton, auf den wir uns in harmonischer Resonanz einstimmen m\u00fcssen. Dieser Prozess der Ausrichtung auf das einzigartige Schwingungsmuster macht die \u201eRekalibrierung\u201c, die wir ben\u00f6tigen, m\u00f6glich, so dass wir tiefer in die Welt des Unsichtbaren reisen k\u00f6nnen.<\/p>\n<p>Sind sie erst einmal aktiviert, k\u00f6nnen die Tore des 11:11 jederzeit durchschritten werden, denn sie treten nicht innerhalb der linearen Zeit auf. Daher erlebst du vielleicht gerade eines oder alle der schon aktivierten Tore. Ein Tor kann jedoch nicht betreten werden, solange es nicht richtig aktiviert worden ist.<\/p>\n<p>Es braucht mehr als 20 Jahre f\u00fcr ganze Reise durch die Elf Tore des 11:11 Torwegs.<\/p>\n","protected":false},"excerpt":{"rendered":"<p>DER TORWEG VON 11:11 Der 11:11 Torweg ist die Br\u00fccke zwischen zwei sehr verschiedenen evolution\u00e4ren Spiralen: Dualit\u00e4t und Einheit. Als der 11:11 Torweg am 11-12 Januar 1992 er\u00f6ffnet wurde, erzeugte das Eine Zone der \u00dcberlappung zwischen diesen Spiralen. Diese bef\u00e4higt uns dazu, den \u00dcbergang von der in der Dualit\u00e4t gr\u00fcndenden Realit\u00e4t hin zu einer zu [&hellip;]<\/p>\n","protected":false},"author":1,"featured_media":0,"parent":0,"menu_order":0,"comment_status":"closed","ping_status":"closed","template":"template-home.php","meta":{"_uag_custom_page_level_css":""},"uagb_featured_image_src":{"full":false,"thumbnail":false,"medium":false,"medium_large":false,"large":false,"1536x1536":false,"2048x2048":false,"post-thumbnail":false,"single-post-thumbnail":false},"uagb_author_info":{"display_name":"chefguy","author_link":"https:\/\/journey.emanaku.com\/de\/author\/chefguy\/"},"uagb_comment_info":0,"uagb_excerpt":"DER TORWEG VON 11:11 Der 11:11 Torweg ist die Br\u00fccke zwischen zwei sehr verschiedenen evolution\u00e4ren Spiralen: Dualit\u00e4t und Einheit. Als der 11:11 Torweg am 11-12 Januar 1992 er\u00f6ffnet wurde, erzeugte das Eine Zone der \u00dcberlappung zwischen diesen Spiralen. Diese bef\u00e4higt uns dazu, den \u00dcbergang von der in der Dualit\u00e4t gr\u00fcndenden Realit\u00e4t hin zu einer zu&hellip;","_links":{"self":[{"href":"https:\/\/journey.emanaku.com\/de\/wp-json\/wp\/v2\/pages\/286"}],"collection":[{"href":"https:\/\/journey.emanaku.com\/de\/wp-json\/wp\/v2\/pages"}],"about":[{"href":"https:\/\/journey.emanaku.com\/de\/wp-json\/wp\/v2\/types\/page"}],"author":[{"embeddable":true,"href":"https:\/\/journey.emanaku.com\/de\/wp-json\/wp\/v2\/users\/1"}],"replies":[{"embeddable":true,"href":"https:\/\/journey.emanaku.com\/de\/wp-json\/wp\/v2\/comments?post=286"}],"version-history":[{"count":3,"href":"https:\/\/journey.emanaku.com\/de\/wp-json\/wp\/v2\/pages\/286\/revisions"}],"predecessor-version":[{"id":13236,"href":"https:\/\/journey.emanaku.com\/de\/wp-json\/wp\/v2\/pages\/286\/revisions\/13236"}],"wp:attachment":[{"href":"https:\/\/journey.emanaku.com\/de\/wp-json\/wp\/v2\/media?parent=286"}],"curies":[{"name":"wp","href":"https:\/\/api.w.org\/{rel}","templated":true}]}}