{"id":289,"date":"2011-10-29T22:44:29","date_gmt":"2011-11-01T01:48:44","guid":{"rendered":"http:\/\/journey.emanaku.com\/?page_id=289"},"modified":"2012-01-10T17:26:59","modified_gmt":"2012-01-10T17:26:59","slug":"las-once-puertas","status":"publish","type":"page","link":"https:\/\/journey.emanaku.com\/es\/","title":{"rendered":"Las Once Puertas"},"content":{"rendered":"<p style=\"text-align: center\"><span style=\"font-size: medium\">EL PORTAL DEL 11:11<\/span><\/p>\n<p>El Portal 11:11 es el puente entre dos espirales evolutivos muy diferentes: Dualidad y Unicidad. Cuando el Portal 11:11 fue aperturado el 11 &#8211; 12 de Enero de 1992, cre\u00f3 una Zona de Superposici\u00f3n entre estos espirales evolutivos. Esto es lo que nos permite cambiar de una realidad basada en la dualidad a una anclada en la Unicidad.<\/p>\n<p>Nuestra jornada a trav\u00e9s del Portal 11:11 es el viaje m\u00e1s importante que jam\u00e1s tomemos. Nos desengancha de la dualidad. Nos trae la memoria de que todos somos parte del Ser \u00danico. Reconfigura nuestro laberinto evolutivo. Hace visible lo No Visible. Nos permite vivir en el AQU\u00cd y AHORA expandido de la Realidad Ultra Mayor. Nos ayuda a emerger como Verdaderos. Da nacimiento a un Paradigma totalmente Nuevo basado en AMOR PURO DEL CORAZ\u00d3N y VERDAD.<\/p>\n<p style=\"text-align: center\"><span style=\"font-size: medium\">LAS ONCE PUERTAS<\/span><\/p>\n<p>El 11:11 no es simplemente una cosmolog\u00eda; es una manera totalmente nueva de ser. Ahora es el momento de ser Verdaderos Viviendo Vidas Verdaderas abiertamente. Y juntos como UNO, daremos nacimiento a un Nuevo Mundo.<\/p>\n<p>Dentro del Portal del 11:11 hay once Puertas. Cada Puerta es un puesto de ascensi\u00f3n a una banda de frecuencia de energ\u00eda nueva. Estas Puertas son similares a las esclusas de un canal. Una vez que se activa y se ingresa a una Puerta, comenzamos un proceso intenso de transformaci\u00f3n e iniciaci\u00f3n mientras que nuestros seres se ven inmersos en un patr\u00f3n de frecuencia nueva. Viajando sobre estas bandas de frecuencia, adquirimos maestr\u00eda en las lecciones de cada Puerta 11:11 hasta que alcanzamos la siguiente Puerta.<\/p>\n<p>Cada Puerta tiene una nota clave vibracional \u00fanica con la que nos alineamos en un estado de resonancia arm\u00f3nica. Es este proceso de alineaci\u00f3n el que nos da la recalibraci\u00f3n necesaria para que podamos viajar m\u00e1s en lo profundo de lo No Visible.<\/p>\n<p>Se puede ingresar a las Puertas del 11:11 en cualquier momento una vez que han sido activadas, ya que no ocurren dentro del tiempo lineal. Por lo tanto, actualmente puedes estar experimentando cualquiera o todas las Puertas ya abiertas. Sin embargo, no se podr\u00e1 ingresar a una Puerta 11:11 hasta que haya sido apropiadamente activada.<\/p>\n<p>Toma m\u00e1s de 20 a\u00f1os completar nuestra jornada a trav\u00e9s de las Once Puertas del Port\u00e1l 11:11.<\/p>\n","protected":false},"excerpt":{"rendered":"<p>EL PORTAL DEL 11:11 El Portal 11:11 es el puente entre dos espirales evolutivos muy diferentes: Dualidad y Unicidad. Cuando el Portal 11:11 fue aperturado el 11 &#8211; 12 de Enero de 1992, cre\u00f3 una Zona de Superposici\u00f3n entre estos espirales evolutivos. Esto es lo que nos permite cambiar de una realidad basada en la [&hellip;]<\/p>\n","protected":false},"author":2,"featured_media":0,"parent":0,"menu_order":0,"comment_status":"closed","ping_status":"closed","template":"template-home.php","meta":{"_uag_custom_page_level_css":""},"uagb_featured_image_src":{"full":false,"thumbnail":false,"medium":false,"medium_large":false,"large":false,"1536x1536":false,"2048x2048":false,"post-thumbnail":false,"single-post-thumbnail":false},"uagb_author_info":{"display_name":"emanaku","author_link":"https:\/\/journey.emanaku.com\/es\/author\/emanaku\/"},"uagb_comment_info":0,"uagb_excerpt":"EL PORTAL DEL 11:11 El Portal 11:11 es el puente entre dos espirales evolutivos muy diferentes: Dualidad y Unicidad. Cuando el Portal 11:11 fue aperturado el 11 &#8211; 12 de Enero de 1992, cre\u00f3 una Zona de Superposici\u00f3n entre estos espirales evolutivos. Esto es lo que nos permite cambiar de una realidad basada en la&hellip;","_links":{"self":[{"href":"https:\/\/journey.emanaku.com\/es\/wp-json\/wp\/v2\/pages\/289"}],"collection":[{"href":"https:\/\/journey.emanaku.com\/es\/wp-json\/wp\/v2\/pages"}],"about":[{"href":"https:\/\/journey.emanaku.com\/es\/wp-json\/wp\/v2\/types\/page"}],"author":[{"embeddable":true,"href":"https:\/\/journey.emanaku.com\/es\/wp-json\/wp\/v2\/users\/2"}],"replies":[{"embeddable":true,"href":"https:\/\/journey.emanaku.com\/es\/wp-json\/wp\/v2\/comments?post=289"}],"version-history":[{"count":3,"href":"https:\/\/journey.emanaku.com\/es\/wp-json\/wp\/v2\/pages\/289\/revisions"}],"predecessor-version":[{"id":14716,"href":"https:\/\/journey.emanaku.com\/es\/wp-json\/wp\/v2\/pages\/289\/revisions\/14716"}],"wp:attachment":[{"href":"https:\/\/journey.emanaku.com\/es\/wp-json\/wp\/v2\/media?parent=289"}],"curies":[{"name":"wp","href":"https:\/\/api.w.org\/{rel}","templated":true}]}}