{"id":9635,"date":"2011-10-29T22:44:29","date_gmt":"2011-10-29T22:44:29","guid":{"rendered":"http:\/\/journey.emanaku.com\/home-2\/"},"modified":"2012-01-09T13:11:48","modified_gmt":"2012-01-09T13:11:48","slug":"home-2","status":"publish","type":"page","link":"https:\/\/journey.emanaku.com\/pt\/","title":{"rendered":"Jornada de Fotos do 11:11"},"content":{"rendered":"<p style=\"text-align: center\"><span style=\"font-size: medium\">O PORTAL 11:11<\/span><\/p>\n<p style=\"text-align: justify\">O Portal 11:11 \u00e9 a ponte entre duas espirais de evolu\u00e7\u00e3o muito diferentes: a da Dualidade e a da Unidade.\u00a0Quando o Portal 11:11 foi aberto em 11 e 12 de janeiro de 1992, criou uma zona de sobreposi\u00e7\u00e3o entre essas espirais evolucion\u00e1rias. Isto \u00e9 o que nos permite passar de uma realidade baseada na dualidade para uma ancorada na Unidade.<\/p>\n<p style=\"text-align: justify\">Nossa viagem atrav\u00e9s do Portal 11:11 \u00e9 a viagem mais importante que se pode ter.\u00a0Ela nos desconecta da dualidade.\u00a0Ela nos traz a lembran\u00e7a de que somos todos parte de um ser.\u00a0Ela reconfigura o nosso labirinto evolutivo.\u00a0Ela torna vis\u00edvel o Invis\u00edvel.\u00a0Ele nos permite viver no AQUI e AGORA Expandido da Realidade Ultra Maior.\u00a0Ela nos ajuda a emergir como Seres Verdadeiros.\u00a0\u00c9 um nascimento de um paradigma totalmente novo baseado em AMOR PURO DO CORA\u00c7\u00c3O e Verdade.<\/p>\n<p style=\"text-align: justify\">O 11:11 n\u00e3o \u00e9 simplesmente uma cosmologia, \u00e9 uma maneira totalmente nova de ser.\u00a0Agora \u00e9 hora de abertamente ser Seres Verdadeiros vivendo Vidas Verdadeiras.\u00a0E juntos como um, vamos dar \u00e0 luz um Novo Mundo.<\/p>\n<p style=\"text-align: center\"><span style=\"font-size: medium\">OS ONZE PORTAIS DO 11:11<\/span><\/p>\n<p>Dentro do Portal do 11:11, h\u00e1 onze Portais.\u00a0Cada portal \u00e9 uma esta\u00e7\u00e3o de intensifica\u00e7\u00e3o para uma nova banda de frequ\u00eancia de energia.\u00a0Estes Portais s\u00e3o semelhantes aos eclusas em um canal.\u00a0Uma vez que um portal \u00e9 ativado e atravessado, come\u00e7amos um intenso processo de transforma\u00e7\u00e3o j\u00e1 que nossos seres s\u00e3o imersos em um novo padr\u00e3o de frequ\u00eancias.\u00a0Viajando sobre estas bandas de frequ\u00eancia, n\u00f3s dominamos as li\u00e7\u00f5es de cada Portal 11:11 at\u00e9 chegarmos na porta seguinte.<\/p>\n<p>Cada Portal 11:11 tem uma \u00fanica t\u00f4nica vibrat\u00f3ria com a qual nos alinhamos em um estado de resson\u00e2ncia harm\u00f4nica.\u00a0\u00c9 este processo de alinhamento que nos d\u00e1 a recalibra\u00e7\u00e3o necess\u00e1ria para que possamos viajar mais profundamente no Invis\u00edvel.<\/p>\n<p>Os Portais do 11:11 podem ser atravessados a qualquer momento depois de terem sido ativados, pois n\u00e3o ocorrem dentro do tempo linear.\u00a0Assim, voc\u00ea pode estar experimentando atualmente um ou todos os portais j\u00e1 abertos.\u00a0No entanto, um portal 11:11 n\u00e3o poder\u00e1 ser atravessado at\u00e9 que tenha sido corretamente ativado.<\/p>\n<p>Leva mais de 20 anos para completar a nossa viagem atrav\u00e9s dos onze portais do Portal 11:11.<\/p>\n","protected":false},"excerpt":{"rendered":"<p>O PORTAL 11:11 O Portal 11:11 \u00e9 a ponte entre duas espirais de evolu\u00e7\u00e3o muito diferentes: a da Dualidade e a da Unidade.\u00a0Quando o Portal 11:11 foi aberto em 11 e 12 de janeiro de 1992, criou uma zona de sobreposi\u00e7\u00e3o entre essas espirais evolucion\u00e1rias. Isto \u00e9 o que nos permite passar de uma realidade [&hellip;]<\/p>\n","protected":false},"author":1,"featured_media":0,"parent":0,"menu_order":0,"comment_status":"closed","ping_status":"closed","template":"template-home.php","meta":{"_uag_custom_page_level_css":""},"uagb_featured_image_src":{"full":false,"thumbnail":false,"medium":false,"medium_large":false,"large":false,"1536x1536":false,"2048x2048":false,"post-thumbnail":false,"single-post-thumbnail":false},"uagb_author_info":{"display_name":"chefguy","author_link":"https:\/\/journey.emanaku.com\/pt\/author\/chefguy\/"},"uagb_comment_info":0,"uagb_excerpt":"O PORTAL 11:11 O Portal 11:11 \u00e9 a ponte entre duas espirais de evolu\u00e7\u00e3o muito diferentes: a da Dualidade e a da Unidade.\u00a0Quando o Portal 11:11 foi aberto em 11 e 12 de janeiro de 1992, criou uma zona de sobreposi\u00e7\u00e3o entre essas espirais evolucion\u00e1rias. Isto \u00e9 o que nos permite passar de uma realidade&hellip;","_links":{"self":[{"href":"https:\/\/journey.emanaku.com\/pt\/wp-json\/wp\/v2\/pages\/9635"}],"collection":[{"href":"https:\/\/journey.emanaku.com\/pt\/wp-json\/wp\/v2\/pages"}],"about":[{"href":"https:\/\/journey.emanaku.com\/pt\/wp-json\/wp\/v2\/types\/page"}],"author":[{"embeddable":true,"href":"https:\/\/journey.emanaku.com\/pt\/wp-json\/wp\/v2\/users\/1"}],"replies":[{"embeddable":true,"href":"https:\/\/journey.emanaku.com\/pt\/wp-json\/wp\/v2\/comments?post=9635"}],"version-history":[{"count":3,"href":"https:\/\/journey.emanaku.com\/pt\/wp-json\/wp\/v2\/pages\/9635\/revisions"}],"predecessor-version":[{"id":15472,"href":"https:\/\/journey.emanaku.com\/pt\/wp-json\/wp\/v2\/pages\/9635\/revisions\/15472"}],"wp:attachment":[{"href":"https:\/\/journey.emanaku.com\/pt\/wp-json\/wp\/v2\/media?parent=9635"}],"curies":[{"name":"wp","href":"https:\/\/api.w.org\/{rel}","templated":true}]}}